{"id":920,"date":"2025-01-14T12:01:18","date_gmt":"2025-01-14T11:01:18","guid":{"rendered":"https:\/\/www.dhagpo-kundreul-ling.org\/kontakt\/"},"modified":"2025-04-25T15:29:45","modified_gmt":"2025-04-25T13:29:45","slug":"kontakt","status":"publish","type":"page","link":"https:\/\/sitekl160625.dhagpo-sandbox.org\/de\/kontakt\/","title":{"rendered":"Kontakt"},"content":{"rendered":"<p>[et_pb_section fb_built=&#8220;1&#8243; _builder_version=&#8220;4.27.4&#8243; _module_preset=&#8220;default&#8220; background_image=&#8220;https:\/\/www.dhagpo-kundreul-ling.org\/wp-content\/uploads\/2025\/01\/temple_P5270545-bandeau.jpg&#8220; background_position=&#8220;center_left&#8220; background_horizontal_offset=&#8220;0%&#8220; height=&#8220;385px&#8220; custom_padding=&#8220;0px|38px|0px|0px|false|false&#8220; background_last_edited=&#8220;on|phone&#8220; background_enable_color_phone=&#8220;off&#8220; background_size_phone=&#8220;cover&#8220; background_position_tablet=&#8220;center_right&#8220; background_position_phone=&#8220;center_right&#8220; background_horizontal_offset_tablet=&#8220;68%&#8220; background_horizontal_offset_phone=&#8220;68%&#8220; global_colors_info=&#8220;{}&#8220;][et_pb_row custom_padding_last_edited=&#8220;off|desktop&#8220; _builder_version=&#8220;4.27.4&#8243; _module_preset=&#8220;default&#8220; module_alignment=&#8220;center&#8220; custom_padding=&#8220;10px||||false|false&#8220; custom_padding_tablet=&#8220;|||50px|true|false&#8220; custom_padding_phone=&#8220;|||22px|true|false&#8220; module_alignment_phone=&#8220;right&#8220; module_alignment_last_edited=&#8220;off|phone&#8220; global_colors_info=&#8220;{}&#8220;][et_pb_column type=&#8220;4_4&#8243; _builder_version=&#8220;4.27.0&#8243; _module_preset=&#8220;default&#8220; global_colors_info=&#8220;{}&#8220;][et_pb_text _builder_version=&#8220;4.27.4&#8243; _module_preset=&#8220;_initial&#8220; text_text_color=&#8220;#FFFFFF&#8220; header_font=&#8220;|300|||||||&#8220; header_text_align=&#8220;left&#8220; header_text_color=&#8220;#FFFFFF&#8220; header_font_size=&#8220;39px&#8220; background_enable_color=&#8220;off&#8220; module_alignment=&#8220;center&#8220; custom_margin=&#8220;18px||0px|29px|false|false&#8220; custom_padding=&#8220;9px||7px||false|false&#8220; header_font_size_tablet=&#8220;39px&#8220; header_font_size_phone=&#8220;30px&#8220; header_font_size_last_edited=&#8220;on|phone&#8220; custom_css_main_element=&#8220;display: inline-block;&#8220; border_color_all=&#8220;#FFFFFF&#8220; border_width_top=&#8220;1px&#8220; border_width_bottom=&#8220;1px&#8220; locked=&#8220;off&#8220; global_colors_info=&#8220;{}&#8220;]<\/p>\n<h1 style=\"text-align: left;\">Kontakt<\/h1>\n<p style=\"text-align: center;\">[\/et_pb_text][\/et_pb_column][\/et_pb_row][\/et_pb_section][et_pb_section fb_built=&#8220;1&#8243; _builder_version=&#8220;4.27.3&#8243; _module_preset=&#8220;default&#8220; custom_padding=&#8220;44px||22px||false|false&#8220; locked=&#8220;off&#8220; global_colors_info=&#8220;{}&#8220;][et_pb_row _builder_version=&#8220;4.27.0&#8243; _module_preset=&#8220;default&#8220; custom_margin=&#8220;|auto|29px|auto||&#8220; custom_padding=&#8220;5px||5px||true|false&#8220; locked=&#8220;off&#8220; global_colors_info=&#8220;{}&#8220; column_structure=&#8220;2_3,1_3&#8243;][et_pb_column type=&#8220;2_3&#8243; _builder_version=&#8220;4.19.4&#8243; _module_preset=&#8220;default&#8220; global_colors_info=&#8220;{}&#8220;][et_pb_text _builder_version=&#8220;4.27.4&#8243; _module_preset=&#8220;_initial&#8220; global_colors_info=&#8220;{}&#8220;]Das Empfangsb\u00fcro steht Ihnen gerne zur Verf\u00fcgung, um Fragen zu beantworten und Informationen \u00fcber die Aktivit\u00e4ten und das Programm von Dhagpo Kundreul Ling zu geben. Bitte kontaktieren Sie uns unter den unten aufgef\u00fchrten Kontaktdaten und \u00d6ffnungszeiten.[\/et_pb_text][\/et_pb_column][et_pb_column type=&#8220;1_3&#8243; _builder_version=&#8220;4.19.4&#8243; _module_preset=&#8220;default&#8220; global_colors_info=&#8220;{}&#8220;][et_pb_button button_url=&#8220;@ET-DC@eyJkeW5hbWljIjp0cnVlLCJjb250ZW50IjoicG9zdF9saW5rX3VybF9wYWdlIiwic2V0dGluZ3MiOnsicG9zdF9pZCI6IjEwMjkiLCJlbmFibGVfaHRtbCI6Im9mZiJ9fQ==@&#8220; button_text=&#8220;Den Ort besuchen&#8220; disabled_on=&#8220;off|off|off&#8220; _builder_version=&#8220;4.27.4&#8243; _dynamic_attributes=&#8220;button_url&#8220; _module_preset=&#8220;default&#8220; hover_enabled=&#8220;0&#8243; global_colors_info=&#8220;{}&#8220; sticky_enabled=&#8220;0&#8243; button_alignment=&#8220;center&#8220;][\/et_pb_button][\/et_pb_column][\/et_pb_row][\/et_pb_section][et_pb_section fb_built=&#8220;1&#8243; module_id=&#8220;kontakt&#8220; _builder_version=&#8220;4.27.4&#8243; _module_preset=&#8220;default&#8220; background_color=&#8220;gcid-0e31f813-9b2e-4fdd-9a29-d8b4986da10d&#8220; custom_padding=&#8220;28px||51px||false|false&#8220; locked=&#8220;off&#8220; global_colors_info=&#8220;{%22gcid-0e31f813-9b2e-4fdd-9a29-d8b4986da10d%22:%91%22background_color%22%93}&#8220;][et_pb_row _builder_version=&#8220;4.27.0&#8243; _module_preset=&#8220;default&#8220; custom_padding=&#8220;5px||5px||true|false&#8220; locked=&#8220;off&#8220; global_colors_info=&#8220;{}&#8220;][et_pb_column type=&#8220;4_4&#8243; _builder_version=&#8220;4.19.4&#8243; _module_preset=&#8220;default&#8220; global_colors_info=&#8220;{}&#8220;][et_pb_blurb title=&#8220;Kontaktieren Sie uns&#8220; image=&#8220;https:\/\/www.dhagpo-kundreul-ling.org\/wp-content\/uploads\/2024\/11\/Home-Temple.png&#8220; icon_placement=&#8220;left&#8220; image_icon_width=&#8220;69px&#8220; content_max_width=&#8220;100%&#8220; _builder_version=&#8220;4.27.4&#8243; _module_preset=&#8220;default&#8220; header_level=&#8220;h2&#8243; header_text_color=&#8220;gcid-primary-color&#8220; image_icon_custom_margin=&#8220;-11px||||false|false&#8220; custom_margin=&#8220;30px||10px||false|false&#8220; animation=&#8220;off&#8220; locked=&#8220;off&#8220; global_colors_info=&#8220;{%22gcid-primary-color%22:%91%22header_text_color%22%93}&#8220;][\/et_pb_blurb][\/et_pb_column][\/et_pb_row][et_pb_row column_structure=&#8220;1_2,1_2&#8243; _builder_version=&#8220;4.27.4&#8243; _module_preset=&#8220;default&#8220; custom_padding=&#8220;18px||10px|||&#8220; global_colors_info=&#8220;{}&#8220;][et_pb_column type=&#8220;1_2&#8243; _builder_version=&#8220;4.19.4&#8243; _module_preset=&#8220;default&#8220; global_colors_info=&#8220;{}&#8220;][et_pb_text _builder_version=&#8220;4.27.0&#8243; _module_preset=&#8220;_initial&#8220; header_3_font=&#8220;|300|||||||&#8220; header_3_text_color=&#8220;#ab0032&#8243; header_3_font_size=&#8220;23px&#8220; custom_margin=&#8220;||21px|||&#8220; global_colors_info=&#8220;{}&#8220;]<\/p>\n<p>F\u00fcr Anfragen k\u00f6nnen Sie uns erreichen unter:<\/p>\n<p>[\/et_pb_text][et_pb_blurb use_icon=&#8220;on&#8220; font_icon=&#8220;&#xe010;||divi||400&#8243; icon_placement=&#8220;left&#8220; image_icon_width=&#8220;32px&#8220; disabled_on=&#8220;off|off|off&#8220; _builder_version=&#8220;4.27.4&#8243; _module_preset=&#8220;default&#8220; custom_margin=&#8220;||13px|||&#8220; animation=&#8220;off&#8220; global_colors_info=&#8220;{}&#8220;]<\/p>\n<p><strong>E-Mail<\/strong>: <a href=\"mailto:ktl.contact@dhagpo.org\" target=\"_blank\" rel=\"noopener\">ktl.contact@dhagpo.org<\/a><\/p>\n<p>[\/et_pb_blurb][et_pb_blurb use_icon=&#8220;on&#8220; font_icon=&#8220;&#xe090;||divi||400&#8243; icon_placement=&#8220;left&#8220; image_icon_width=&#8220;32px&#8220; _builder_version=&#8220;4.27.4&#8243; _module_preset=&#8220;default&#8220; custom_margin=&#8220;||40px|||&#8220; animation=&#8220;off&#8220; global_colors_info=&#8220;{}&#8220;]<strong>Telefon<\/strong>: <a href=\"tel:0473522434\" title=\"Klicken Sie hier, um uns telefonisch anzurufen\">+33 4 73 52 24 34<\/a>[\/et_pb_blurb][et_pb_text _builder_version=&#8220;4.27.4&#8243; _module_preset=&#8220;_initial&#8220; custom_margin=&#8220;32px||33px|||&#8220; global_colors_info=&#8220;{}&#8220;]<\/p>\n<p><strong>\u00d6ffnungszeiten des Empfangsb\u00fcro<\/strong> <br \/> <em>Oktober bis Juni<\/em>: t\u00e4glich 10:00-12:30 Uhr \/ 14:00-18:00 Uhr <br \/><em>Juli bis September<\/em>: t\u00e4glich 10:00-12:30 Uhr \/ 14:00-19:00 Uhr<\/p>\n<p>[\/et_pb_text][et_pb_text _builder_version=&#8220;4.27.4&#8243; _module_preset=&#8220;_initial&#8220; global_colors_info=&#8220;{}&#8220;]<strong>Vom 5. bis 30. Januar: Angepasste Uhrzeiten:<\/strong> <br \/><em>Sonntag bis Donnerstag<\/em>: 12:15-13:00 Uhr \/ 16:15-18:30 Uhr <br \/><em>Freitag und Samstag<\/em>: 10:00-13:30 Uhr \/ 14:00-18:00 Uhr[\/et_pb_text][\/et_pb_column][et_pb_column type=&#8220;1_2&#8243; _builder_version=&#8220;4.16&#8243; _module_preset=&#8220;default&#8220; global_colors_info=&#8220;{}&#8220;][et_pb_image src=&#8220;https:\/\/www.dhagpo-kundreul-ling.org\/wp-content\/uploads\/2025\/01\/temple-vue-de-la-bambouseraie-P5270487_800x600.webp&#8220; title_text=&#8220;temple-vue-de-la-bambouseraie-P5270487_800x600&#8243; _builder_version=&#8220;4.27.4&#8243; _module_preset=&#8220;default&#8220; custom_margin=&#8220;|||-2px||&#8220; global_colors_info=&#8220;{}&#8220;][\/et_pb_image][\/et_pb_column][\/et_pb_row][\/et_pb_section][et_pb_section fb_built=&#8220;1&#8243; module_id=&#8220;comment-venir&#8220; _builder_version=&#8220;4.27.4&#8243; _module_preset=&#8220;default&#8220; background_enable_color=&#8220;off&#8220; custom_padding=&#8220;31px||17px|||&#8220; border_width_top=&#8220;2px&#8220; border_color_top=&#8220;gcid-0e31f813-9b2e-4fdd-9a29-d8b4986da10d&#8220; global_colors_info=&#8220;{%22gcid-0e31f813-9b2e-4fdd-9a29-d8b4986da10d%22:%91%22border_color_top%22%93,%22gcid-cc623b7b-f465-4024-88e8-f2326a781983%22:%91%22background_color%22%93}&#8220;][et_pb_row column_structure=&#8220;1_2,1_2&#8243; _builder_version=&#8220;4.19.1&#8243; _module_preset=&#8220;default&#8220; custom_margin=&#8220;|auto|13px|auto||&#8220; custom_padding=&#8220;21px||10px|||&#8220; global_colors_info=&#8220;{}&#8220;][et_pb_column type=&#8220;1_2&#8243; _builder_version=&#8220;4.19.1&#8243; _module_preset=&#8220;default&#8220; global_colors_info=&#8220;{}&#8220;][et_pb_blurb title=&#8220;Wie erreichen Sie Dhagpo Kundreul Ling?&#8220; icon_placement=&#8220;left&#8220; image_icon_width=&#8220;69px&#8220; content_max_width=&#8220;100%&#8220; _builder_version=&#8220;4.27.4&#8243; _module_preset=&#8220;default&#8220; header_level=&#8220;h2&#8243; header_text_color=&#8220;gcid-primary-color&#8220; image_icon_custom_margin=&#8220;-11px||||false|false&#8220; animation=&#8220;off&#8220; global_colors_info=&#8220;{%22gcid-primary-color%22:%91%22header_text_color%22%93}&#8220;][\/et_pb_blurb][et_pb_blurb use_icon=&#8220;on&#8220; font_icon=&#8220;&#xf3c5;||fa||900&#8243; icon_placement=&#8220;left&#8220; image_icon_width=&#8220;30px&#8220; _builder_version=&#8220;4.27.4&#8243; _module_preset=&#8220;default&#8220; image_icon_custom_padding=&#8220;|||6px|false|false&#8220; animation=&#8220;off&#8220; locked=&#8220;off&#8220; global_colors_info=&#8220;{}&#8220;]<\/p>\n<p><b>Adresse<\/b>: 4 Le Bost, 63640 Biollet<\/p>\n<p>[\/et_pb_blurb][et_pb_blurb use_icon=&#8220;on&#8220; font_icon=&#8220;&#xf276;||fa||900&#8243; icon_placement=&#8220;left&#8220; image_icon_width=&#8220;32px&#8220; _builder_version=&#8220;4.27.4&#8243; _module_preset=&#8220;default&#8220; image_icon_custom_padding=&#8220;0px|||7px|false|false&#8220; animation=&#8220;off&#8220; locked=&#8220;off&#8220; global_colors_info=&#8220;{}&#8220;]<\/p>\n<p><strong>GPS-Koordinaten<\/strong>: Breitengrad: 46.00253581039893 L\u00e4ngengrad: 2.7093092679519453<\/p>\n<p>[\/et_pb_blurb][et_pb_blurb use_icon=&#8220;on&#8220; font_icon=&#8220;&#xf239;||fa||900&#8243; icon_placement=&#8220;left&#8220; image_icon_width=&#8220;30px&#8220; _builder_version=&#8220;4.27.4&#8243; _module_preset=&#8220;default&#8220; image_icon_custom_padding=&#8220;0px|||2px|false|false&#8220; animation=&#8220;off&#8220; locked=&#8220;off&#8220; global_colors_info=&#8220;{}&#8220;]<\/p>\n<p>N\u00e4chstgelegene <strong>Bahnh\u00f6fe<\/strong>: <br \/>Bahnhof Riom<br \/>Bahnhof Clermont-Ferrand<\/p>\n<p>[\/et_pb_blurb][et_pb_text _builder_version=&#8220;4.27.4&#8243; _module_preset=&#8220;_initial&#8220; global_colors_info=&#8220;{}&#8220;]<\/p>\n<p><strong>Mehr Informationen:<\/strong><\/p>\n<ul>\n<li><a href=\"https:\/\/www.laregionvoustransporte.fr\/lignes\/p62-saint-gervais-dauvergneriom\" target=\"_blank\" rel=\"noopener\">die Verbindung Riom\/ St. Gervais d&#8217;Auvergne (regionale Website)<\/a><\/li>\n<li><a href=\"https:\/\/www.laregionvoustransporte.fr\/lignes\/p53-giatpontaumurpontgibaudclermont-ferrand\" target=\"_blank\" rel=\"noopener\">die Verbindung Clermont-Ferrand \/ St. Gervais d&#8217;Auvergne (Website der Region)<\/a><\/li>\n<\/ul>\n<p>[\/et_pb_text][\/et_pb_column][et_pb_column type=&#8220;1_2&#8243; _builder_version=&#8220;4.19.1&#8243; _module_preset=&#8220;default&#8220; global_colors_info=&#8220;{}&#8220;][et_pb_code _builder_version=&#8220;4.27.4&#8243; _module_preset=&#8220;default&#8220; global_colors_info=&#8220;{}&#8220;]<iframe src=\"https:\/\/www.google.com\/maps\/embed?pb=!1m18!1m12!1m3!1d2771.4113913191813!2d2.705456075831808!3d46.002980497330086!2m3!1f0!2f0!3f0!3m2!1i1024!2i768!4f13.1!3m3!1m2!1s0x47f75ac9a2a9d56d%3A0xaff8f3f83c625784!2sDhagpo%20Kundreul%20Ling!5e0!3m2!1sfr!2sfr!4v1710163738597!5m2!1sfr!2sfr\" width=\"600\" height=\"450\" style=\"border:0;\" allowfullscreen=\"\" loading=\"lazy\" referrerpolicy=\"no-referrer-when-downgrade\"><\/iframe>[\/et_pb_code][\/et_pb_column][\/et_pb_row][\/et_pb_section]<\/p>\n","protected":false},"excerpt":{"rendered":"<p>Kontakt Das Empfangsb\u00fcro steht Ihnen gerne zur Verf\u00fcgung, um Fragen zu beantworten und Informationen \u00fcber die Aktivit\u00e4ten und das Programm von Dhagpo Kundreul Ling zu geben. Bitte kontaktieren Sie uns unter den unten aufgef\u00fchrten Kontaktdaten und \u00d6ffnungszeiten.F\u00fcr Anfragen k\u00f6nnen Sie uns erreichen unter:E-Mail: ktl.contact@dhagpo.orgTelefon: +33 4 73 52 24 34\u00d6ffnungszeiten des Empfangsb\u00fcro Oktober bis Juni: [&hellip;]<\/p>\n","protected":false},"author":2,"featured_media":0,"parent":0,"menu_order":0,"comment_status":"closed","ping_status":"closed","template":"","meta":{"_et_pb_use_builder":"on","_et_pb_old_content":"","_et_gb_content_width":"","footnotes":""},"class_list":["post-920","page","type-page","status-publish","hentry"],"yoast_head":"<!-- This site is optimized with the Yoast SEO plugin v25.4 - https:\/\/yoast.com\/wordpress\/plugins\/seo\/ -->\n<title>Kontakt - Dhagpo Kundreul Ling<\/title>\n<meta name=\"robots\" content=\"noindex, follow, max-snippet:-1, max-image-preview:large, max-video-preview:-1\" \/>\n<meta property=\"og:locale\" content=\"de_DE\" \/>\n<meta property=\"og:type\" content=\"article\" \/>\n<meta property=\"og:title\" content=\"Kontakt - Dhagpo Kundreul Ling\" \/>\n<meta property=\"og:description\" content=\"Kontakt Das Empfangsb\u00fcro steht Ihnen gerne zur Verf\u00fcgung, um Fragen zu beantworten und Informationen \u00fcber die Aktivit\u00e4ten und das Programm von Dhagpo Kundreul Ling zu geben. Bitte kontaktieren Sie uns unter den unten aufgef\u00fchrten Kontaktdaten und \u00d6ffnungszeiten.F\u00fcr Anfragen k\u00f6nnen Sie uns erreichen unter:E-Mail: ktl.contact@dhagpo.orgTelefon: +33 4 73 52 24 34\u00d6ffnungszeiten des Empfangsb\u00fcro Oktober bis Juni: [&hellip;]\" \/>\n<meta property=\"og:url\" content=\"https:\/\/sitekl160625.dhagpo-sandbox.org\/contact\/\" \/>\n<meta property=\"og:site_name\" content=\"Dhagpo Kundreul Ling\" \/>\n<meta property=\"article:modified_time\" content=\"2025-04-25T13:29:45+00:00\" \/>\n<meta name=\"twitter:card\" content=\"summary_large_image\" \/>\n<meta name=\"twitter:label1\" content=\"Gesch\u00e4tzte Lesezeit\" \/>\n\t<meta name=\"twitter:data1\" content=\"6\u00a0Minuten\" \/>\n<script type=\"application\/ld+json\" class=\"yoast-schema-graph\">{\"@context\":\"https:\/\/schema.org\",\"@graph\":[{\"@type\":\"WebPage\",\"@id\":\"https:\/\/sitekl160625.dhagpo-sandbox.org\/contact\/\",\"url\":\"https:\/\/sitekl160625.dhagpo-sandbox.org\/contact\/\",\"name\":\"Kontakt - Dhagpo Kundreul Ling\",\"isPartOf\":{\"@id\":\"https:\/\/sitekl160625.dhagpo-sandbox.org\/#website\"},\"datePublished\":\"2025-01-14T11:01:18+00:00\",\"dateModified\":\"2025-04-25T13:29:45+00:00\",\"breadcrumb\":{\"@id\":\"https:\/\/sitekl160625.dhagpo-sandbox.org\/contact\/#breadcrumb\"},\"inLanguage\":\"de\",\"potentialAction\":[{\"@type\":\"ReadAction\",\"target\":[\"https:\/\/sitekl160625.dhagpo-sandbox.org\/contact\/\"]}]},{\"@type\":\"BreadcrumbList\",\"@id\":\"https:\/\/sitekl160625.dhagpo-sandbox.org\/contact\/#breadcrumb\",\"itemListElement\":[{\"@type\":\"ListItem\",\"position\":1,\"name\":\"Accueil\",\"item\":\"https:\/\/sitekl160625.dhagpo-sandbox.org\/\"},{\"@type\":\"ListItem\",\"position\":2,\"name\":\"Kontakt\"}]},{\"@type\":\"WebSite\",\"@id\":\"https:\/\/sitekl160625.dhagpo-sandbox.org\/#website\",\"url\":\"https:\/\/sitekl160625.dhagpo-sandbox.org\/\",\"name\":\"Dhagpo Kundreul Ling\",\"description\":\"\",\"potentialAction\":[{\"@type\":\"SearchAction\",\"target\":{\"@type\":\"EntryPoint\",\"urlTemplate\":\"https:\/\/sitekl160625.dhagpo-sandbox.org\/?s={search_term_string}\"},\"query-input\":{\"@type\":\"PropertyValueSpecification\",\"valueRequired\":true,\"valueName\":\"search_term_string\"}}],\"inLanguage\":\"de\"}]}<\/script>\n<!-- \/ Yoast SEO plugin. -->","yoast_head_json":{"title":"Kontakt - Dhagpo Kundreul Ling","robots":{"index":"noindex","follow":"follow","max-snippet":"max-snippet:-1","max-image-preview":"max-image-preview:large","max-video-preview":"max-video-preview:-1"},"og_locale":"de_DE","og_type":"article","og_title":"Kontakt - Dhagpo Kundreul Ling","og_description":"Kontakt Das Empfangsb\u00fcro steht Ihnen gerne zur Verf\u00fcgung, um Fragen zu beantworten und Informationen \u00fcber die Aktivit\u00e4ten und das Programm von Dhagpo Kundreul Ling zu geben. Bitte kontaktieren Sie uns unter den unten aufgef\u00fchrten Kontaktdaten und \u00d6ffnungszeiten.F\u00fcr Anfragen k\u00f6nnen Sie uns erreichen unter:E-Mail: ktl.contact@dhagpo.orgTelefon: +33 4 73 52 24 34\u00d6ffnungszeiten des Empfangsb\u00fcro Oktober bis Juni: [&hellip;]","og_url":"https:\/\/sitekl160625.dhagpo-sandbox.org\/contact\/","og_site_name":"Dhagpo Kundreul Ling","article_modified_time":"2025-04-25T13:29:45+00:00","twitter_card":"summary_large_image","twitter_misc":{"Gesch\u00e4tzte Lesezeit":"6\u00a0Minuten"},"schema":{"@context":"https:\/\/schema.org","@graph":[{"@type":"WebPage","@id":"https:\/\/sitekl160625.dhagpo-sandbox.org\/contact\/","url":"https:\/\/sitekl160625.dhagpo-sandbox.org\/contact\/","name":"Kontakt - Dhagpo Kundreul Ling","isPartOf":{"@id":"https:\/\/sitekl160625.dhagpo-sandbox.org\/#website"},"datePublished":"2025-01-14T11:01:18+00:00","dateModified":"2025-04-25T13:29:45+00:00","breadcrumb":{"@id":"https:\/\/sitekl160625.dhagpo-sandbox.org\/contact\/#breadcrumb"},"inLanguage":"de","potentialAction":[{"@type":"ReadAction","target":["https:\/\/sitekl160625.dhagpo-sandbox.org\/contact\/"]}]},{"@type":"BreadcrumbList","@id":"https:\/\/sitekl160625.dhagpo-sandbox.org\/contact\/#breadcrumb","itemListElement":[{"@type":"ListItem","position":1,"name":"Accueil","item":"https:\/\/sitekl160625.dhagpo-sandbox.org\/"},{"@type":"ListItem","position":2,"name":"Kontakt"}]},{"@type":"WebSite","@id":"https:\/\/sitekl160625.dhagpo-sandbox.org\/#website","url":"https:\/\/sitekl160625.dhagpo-sandbox.org\/","name":"Dhagpo Kundreul Ling","description":"","potentialAction":[{"@type":"SearchAction","target":{"@type":"EntryPoint","urlTemplate":"https:\/\/sitekl160625.dhagpo-sandbox.org\/?s={search_term_string}"},"query-input":{"@type":"PropertyValueSpecification","valueRequired":true,"valueName":"search_term_string"}}],"inLanguage":"de"}]}},"_links":{"self":[{"href":"https:\/\/sitekl160625.dhagpo-sandbox.org\/de\/wp-json\/wp\/v2\/pages\/920","targetHints":{"allow":["GET"]}}],"collection":[{"href":"https:\/\/sitekl160625.dhagpo-sandbox.org\/de\/wp-json\/wp\/v2\/pages"}],"about":[{"href":"https:\/\/sitekl160625.dhagpo-sandbox.org\/de\/wp-json\/wp\/v2\/types\/page"}],"author":[{"embeddable":true,"href":"https:\/\/sitekl160625.dhagpo-sandbox.org\/de\/wp-json\/wp\/v2\/users\/2"}],"replies":[{"embeddable":true,"href":"https:\/\/sitekl160625.dhagpo-sandbox.org\/de\/wp-json\/wp\/v2\/comments?post=920"}],"version-history":[{"count":32,"href":"https:\/\/sitekl160625.dhagpo-sandbox.org\/de\/wp-json\/wp\/v2\/pages\/920\/revisions"}],"predecessor-version":[{"id":1875,"href":"https:\/\/sitekl160625.dhagpo-sandbox.org\/de\/wp-json\/wp\/v2\/pages\/920\/revisions\/1875"}],"wp:attachment":[{"href":"https:\/\/sitekl160625.dhagpo-sandbox.org\/de\/wp-json\/wp\/v2\/media?parent=920"}],"curies":[{"name":"wp","href":"https:\/\/api.w.org\/{rel}","templated":true}]}}